{"id":10,"date":"2025-07-02T07:34:07","date_gmt":"2025-07-02T07:34:07","guid":{"rendered":"https:\/\/www.mugaservices.ch\/?page_id=10"},"modified":"2025-07-02T14:46:53","modified_gmt":"2025-07-02T12:46:53","slug":"home","status":"publish","type":"page","link":"https:\/\/mugaservices.ch\/en\/","title":{"rendered":"Home"},"content":{"rendered":"<p>Wir unterst\u00fctzen Sie mit Personal bei Ressourcen-Engp\u00e4ssen oder wenn die Zeit f\u00fcr eine eigene Rekrutierung nicht vorhanden ist. Ob Kapazit\u00e4ten in der Produktion, bei Transporten, R\u00e4umungen, Baureinigungen oder Unterhalts- und Gartenarbeiten ben\u00f6tigt werden, wir k\u00f6nnen aushelfen.<\/p>\n\n\n\n<p>Die Mitarbeiter sind das wichtigste Kapital eines Unternehmens. Deshalb setzen wir alles daran, Sie dabei zu unterst\u00fctzen, dieses Kapital voll auszusch\u00f6pfen. In Ihrem Auftrag suchen wir geeignete Arbeitnehmer\/innen entsprechend dem von Ihnen vorgegebenen Anforderungsprofil. Anschliessend koordinieren wir f\u00fcr Sie den Einsatz der Mitarbeiter\/innen, die bei uns angestellt sind. Ob Arbeitsrapporte, Lohnzahlungen, Arbeitsbewilligungen oder Quellensteuerabrechnungen, all diese Arbeiten \u00fcbernehmen wir f\u00fcr Sie.<\/p>\n\n\n\n<p><\/p>","protected":false},"excerpt":{"rendered":"<p>Wir unterst\u00fctzen Sie mit Personal bei Ressourcen-Engp\u00e4ssen oder wenn die Zeit f\u00fcr eine eigene Rekrutierung nicht vorhanden ist. Ob Kapazit\u00e4ten in der Produktion, bei Transporten, R\u00e4umungen, Baureinigungen oder Unterhalts- und Gartenarbeiten ben\u00f6tigt werden, wir k\u00f6nnen aushelfen. Die Mitarbeiter sind das wichtigste Kapital eines Unternehmens. Deshalb setzen wir alles daran, Sie [&hellip;]<\/p>","protected":false},"author":1,"featured_media":0,"parent":0,"menu_order":0,"comment_status":"closed","ping_status":"closed","template":"","meta":{"_themeisle_gutenberg_block_has_review":false,"footnotes":""},"class_list":["post-10","page","type-page","status-publish","hentry"],"_links":{"self":[{"href":"https:\/\/mugaservices.ch\/en\/wp-json\/wp\/v2\/pages\/10","targetHints":{"allow":["GET"]}}],"collection":[{"href":"https:\/\/mugaservices.ch\/en\/wp-json\/wp\/v2\/pages"}],"about":[{"href":"https:\/\/mugaservices.ch\/en\/wp-json\/wp\/v2\/types\/page"}],"author":[{"embeddable":true,"href":"https:\/\/mugaservices.ch\/en\/wp-json\/wp\/v2\/users\/1"}],"replies":[{"embeddable":true,"href":"https:\/\/mugaservices.ch\/en\/wp-json\/wp\/v2\/comments?post=10"}],"version-history":[{"count":2,"href":"https:\/\/mugaservices.ch\/en\/wp-json\/wp\/v2\/pages\/10\/revisions"}],"predecessor-version":[{"id":916,"href":"https:\/\/mugaservices.ch\/en\/wp-json\/wp\/v2\/pages\/10\/revisions\/916"}],"wp:attachment":[{"href":"https:\/\/mugaservices.ch\/en\/wp-json\/wp\/v2\/media?parent=10"}],"curies":[{"name":"wp","href":"https:\/\/api.w.org\/{rel}","templated":true}]}}