{"id":12,"date":"2025-07-02T07:40:32","date_gmt":"2025-07-02T07:40:32","guid":{"rendered":"https:\/\/www.mugaservices.ch\/?page_id=12"},"modified":"2025-07-02T07:41:03","modified_gmt":"2025-07-02T07:41:03","slug":"ueber-uns","status":"publish","type":"page","link":"https:\/\/mugaservices.ch\/en\/ueber-uns\/","title":{"rendered":"\u00dcber uns"},"content":{"rendered":"<p>Die zwei Spanier Pedro Ram\u00f3n Gambande Llados und Ignacio M\u00fagica Urquizu kamen im Jahr 2012 in die Schweiz, um mit ihrer neu gegr\u00fcndeten Firma MUGA Industrial Recycling GmbH die R\u00e4umung und Entkernung der stillgelegten Cellulosefabrik Attisholz (sp\u00e4ter Borregaard) in Riedholz\/SO vorzunehmen. Bis dahin waren sie von Spanien aus international t\u00e4tig im Verkauf von Industrieanlagen einerseits und der Geb\u00e4ude-Entkernung und Altmetall-Verschrottung andererseits.<\/p>\n\n\n\n<p>Nach erfolgreichem Abschluss des Attisholz-Projekts folgte die Weiterentwicklung der Dienstleistungen und schliesslich die Neuorientierung der Firma.<br>Seit 2018 ist die MUGA Industrial Recycling GmbH Ihr Ansprechpartner f\u00fcr eine breite Palette an Dienstleistungen auf komplexen Grossbaustellen. Besuchen Sie die Website <a href=\"http:\/\/www.mugarecycling.com\" target=\"_blank\" rel=\"noreferrer noopener\">www.mugarecycling.com<\/a> f\u00fcr mehr Informationen.<\/p>\n\n\n\n<p>Mit dem neuesten \u201eMUGA-Zugang\u201c, der MUGA Services GmbH, wird das Repertoire um den den Punkt Personalverleih erweitert.<\/p>\n\n\n\n<p>Der Sitz der Firma befindet sich nach wie vor auf dem Areal der stillgelegten Cellulosefabrik Attisholz (Bild oben).<br>Wer wir sind<br><br>Pedro Ram\u00f3n Gambande Llados Gesch\u00e4ftsinhaber<br>Ignacio M\u00fagica Urquizu Gesch\u00e4ftsinhaber<br>Lothar Kind Gesch\u00e4ftsf\u00fchrer (Mandat)<\/p>\n\n\n\n<figure class=\"wp-block-table\"><table class=\"has-fixed-layout\"><tbody><tr><td>Pedro Ram\u00f3n Gambande Llados<\/td><td>Gesch\u00e4ftsinhaber<\/td><\/tr><tr><td>Ignacio M\u00fagica Urquizu<\/td><td>Gesch\u00e4ftsinhaber<\/td><\/tr><tr><td>Lothar Kind<\/td><td>Gesch\u00e4ftsf\u00fchrer (Mandat)<\/td><\/tr><\/tbody><\/table><\/figure>\n\n\n\n<p><\/p>","protected":false},"excerpt":{"rendered":"<p>Die zwei Spanier Pedro Ram\u00f3n Gambande Llados und Ignacio M\u00fagica Urquizu kamen im Jahr 2012 in die Schweiz, um mit ihrer neu gegr\u00fcndeten Firma MUGA Industrial Recycling GmbH die R\u00e4umung und Entkernung der stillgelegten Cellulosefabrik Attisholz (sp\u00e4ter Borregaard) in Riedholz\/SO vorzunehmen. Bis dahin waren sie von Spanien aus international t\u00e4tig [&hellip;]<\/p>","protected":false},"author":1,"featured_media":0,"parent":0,"menu_order":0,"comment_status":"closed","ping_status":"closed","template":"","meta":{"_themeisle_gutenberg_block_has_review":false,"footnotes":""},"class_list":["post-12","page","type-page","status-publish","hentry"],"_links":{"self":[{"href":"https:\/\/mugaservices.ch\/en\/wp-json\/wp\/v2\/pages\/12","targetHints":{"allow":["GET"]}}],"collection":[{"href":"https:\/\/mugaservices.ch\/en\/wp-json\/wp\/v2\/pages"}],"about":[{"href":"https:\/\/mugaservices.ch\/en\/wp-json\/wp\/v2\/types\/page"}],"author":[{"embeddable":true,"href":"https:\/\/mugaservices.ch\/en\/wp-json\/wp\/v2\/users\/1"}],"replies":[{"embeddable":true,"href":"https:\/\/mugaservices.ch\/en\/wp-json\/wp\/v2\/comments?post=12"}],"version-history":[{"count":1,"href":"https:\/\/mugaservices.ch\/en\/wp-json\/wp\/v2\/pages\/12\/revisions"}],"predecessor-version":[{"id":13,"href":"https:\/\/mugaservices.ch\/en\/wp-json\/wp\/v2\/pages\/12\/revisions\/13"}],"wp:attachment":[{"href":"https:\/\/mugaservices.ch\/en\/wp-json\/wp\/v2\/media?parent=12"}],"curies":[{"name":"wp","href":"https:\/\/api.w.org\/{rel}","templated":true}]}}