{"id":14,"date":"2025-07-02T07:43:58","date_gmt":"2025-07-02T07:43:58","guid":{"rendered":"https:\/\/www.mugaservices.ch\/?page_id=14"},"modified":"2025-07-02T07:44:00","modified_gmt":"2025-07-02T07:44:00","slug":"personalverleih","status":"publish","type":"page","link":"https:\/\/mugaservices.ch\/en\/personalverleih\/","title":{"rendered":"Personalverleih"},"content":{"rendered":"<p>Sie sind voll ausgelastet und k\u00f6nnen keine neue Festanstellung schaffen? Dann sind Tempor\u00e4rmitarbeitende die richtige L\u00f6sung f\u00fcr Sie. Wir bieten Ihnen eine grosse Auswahl von qualifizierten Bewerber*innen<em>, <\/em>aus der Sie Ihre Kandidat*innen ausw\u00e4hlen k\u00f6nnen. Somit k\u00f6nnen Sie praktisch ohne administrativen Aufwand weitere Mitarbeiter*innen auf befristeter oder aber auch auf unbefristeter Basis anstellen.<\/p>\n\n\n\n<p>Die Abrechnung erfolgt mit einem Stundentarif, welcher Arbeitnehmer- und Arbeitgeberbeitr\u00e4ge f\u00fcr die Sozial- und Unfallversicherung, sowie Entsch\u00e4digung f\u00fcr Ferien, 13. Monatslohn und Feiertage beinhaltet. Jeder Einsatz unterliegt dem GAV Personalverleih.<\/p>\n\n\n\n<p>Unsere Mitarbeiter*innen sind in der Regel Allrounder, die allerlei Arbeiten \u00fcbernehmen k\u00f6nnen.<br>Von Reinigungs- \u00fcber Umgebungsarbeiten, einfachen Maler- oder Schreinerarbeiten \u00fcber allgemeine Unterhaltsarbeiten, bis hin zur Geb\u00e4ude-Entkernung und Verschrottung sind wir Ihr Ansprechpartner.<\/p>\n\n\n\n<p><\/p>","protected":false},"excerpt":{"rendered":"<p>Sie sind voll ausgelastet und k\u00f6nnen keine neue Festanstellung schaffen? Dann sind Tempor\u00e4rmitarbeitende die richtige L\u00f6sung f\u00fcr Sie. Wir bieten Ihnen eine grosse Auswahl von qualifizierten Bewerber*innen, aus der Sie Ihre Kandidat*innen ausw\u00e4hlen k\u00f6nnen. Somit k\u00f6nnen Sie praktisch ohne administrativen Aufwand weitere Mitarbeiter*innen auf befristeter oder aber auch auf unbefristeter [&hellip;]<\/p>","protected":false},"author":1,"featured_media":0,"parent":0,"menu_order":0,"comment_status":"closed","ping_status":"closed","template":"","meta":{"_themeisle_gutenberg_block_has_review":false,"footnotes":""},"class_list":["post-14","page","type-page","status-publish","hentry"],"_links":{"self":[{"href":"https:\/\/mugaservices.ch\/en\/wp-json\/wp\/v2\/pages\/14","targetHints":{"allow":["GET"]}}],"collection":[{"href":"https:\/\/mugaservices.ch\/en\/wp-json\/wp\/v2\/pages"}],"about":[{"href":"https:\/\/mugaservices.ch\/en\/wp-json\/wp\/v2\/types\/page"}],"author":[{"embeddable":true,"href":"https:\/\/mugaservices.ch\/en\/wp-json\/wp\/v2\/users\/1"}],"replies":[{"embeddable":true,"href":"https:\/\/mugaservices.ch\/en\/wp-json\/wp\/v2\/comments?post=14"}],"version-history":[{"count":1,"href":"https:\/\/mugaservices.ch\/en\/wp-json\/wp\/v2\/pages\/14\/revisions"}],"predecessor-version":[{"id":15,"href":"https:\/\/mugaservices.ch\/en\/wp-json\/wp\/v2\/pages\/14\/revisions\/15"}],"wp:attachment":[{"href":"https:\/\/mugaservices.ch\/en\/wp-json\/wp\/v2\/media?parent=14"}],"curies":[{"name":"wp","href":"https:\/\/api.w.org\/{rel}","templated":true}]}}